{"id":414,"date":"2023-08-14T18:33:09","date_gmt":"2023-08-14T16:33:09","guid":{"rendered":"https:\/\/danielmaillet.ch\/?page_id=414"},"modified":"2023-09-30T15:00:34","modified_gmt":"2023-09-30T13:00:34","slug":"pub-and-papers-bibliography","status":"publish","type":"page","link":"https:\/\/danielmaillet.ch\/index.php\/pub-and-papers-bibliography\/","title":{"rendered":"Pub and papers &#8216;Bibliography&#8217;"},"content":{"rendered":"\n<div class=\"wp-block-uagb-info-box uagb-block-6cfe0ae7 uagb-infobox__content-wrap  uagb-infobox-icon-above-title uagb-infobox-image-valign-top\"><div class=\"uagb-ifb-content\"><div class=\"uagb-ifb-title-wrap\"><h2 class=\"uagb-ifb-title\">Bibliography <\/h2><\/div><p class=\"uagb-ifb-desc\"><br><br>Pubblicazioni Daniel Maillet 1987 \u2013 2022<br><br><br>MONOGRAPHY<br>2001 Daniel Maillet. Texts by: F. Gualdoni, D. Maillet, I. Monighetti, S. Rovati, A. Meseure, J. Gubler, C. Guarda. Edizioni Charta Art Book, Milano, 2002 &#8211; ISBN 88-8158-397-6<br><a href=\"https:\/\/www.amazon.fr\/Daniel-Maillet-Flaminio-Gualdoni\/dp\/8881583976\">https:\/\/www.amazon.fr\/Daniel-Maillet-Flaminio-Gualdoni\/dp\/8881583976<\/a><br><br><br>EXHIBITIONS CATALOGS<br>1993 Daniel Maillet, \u201cRitratti &amp; Personae\u201d, Luigi Cavadini.<br>2009 Daniel Maillet, \u201cOltre la forma fuori dal tempo\u201d, Mirella Cisotto, Oddone Longo, Daniel Maillet. ISBN 887-123-1627<br>2012 \u201cDaniel Maillet \/ Filippo Vaccara\u201d, Rino Bertini, Daniel Maillet. ISBN 978-88-070113-00-9<br>2015 Daniel Maillet, \u201cQuando a xilogravura interpreta o teatro\u201d, Maira Ortins.<br><br><br>PUBLISHED ARTICLES WRITTEN BY MAILLET.<br>2004 \u201cRaizes c\u00f4ncavas para uma arte convexa\u201d, Germina literatura, S\u00e3o Paulo.<br>2014 \u201cGesinterte Ton-Plastiken\u201d, Daniel Maillet. Neue Keramik 5\/14, H\u00f6hr-Grenzhausen.<br>2018 \u201c3D Druck\u201d, Daniel Maillet. Neue Keramik 3\/18, H\u00f6hr-Grenzhausen.<br><br><br>CRITICAL TEXTS PUBLISHED IN NEWSPAPERS AND ART MAGAZINES.<br>2009 \u201cMaillet, la scultura potente\u201d, Elio Armano.<br>2006 \u201cRabisco de um olhar\u201d, Aislan Noqueira, Centro Cultural Drag\u00e3o do Mar.<br>2006 \u201cProjeto artista invasor \/ Daniel Maillet\u201d, Equipe tecnica do MAC CE.<br>2004 \u201cLife equator. The time of painting\u201d Stefano Verri.<br>2005 \u201cEntre dois Hemisf\u00e9rios\u201d, Herbert Rolim, Centro Cultural do Nordeste.<br>2005 \u201cA arte do Homem comum\u201d, Carolina Dumaresq, Jornal do Povo.<br>1999 \u201cIl volto dell\u2019architetto. Sont-ce des monstres\u201d, Jacques Gubler.<br>1999 \u201cGli iperdisegni di Daniel Maillet\u201d Giuseppe Curonici, Corriere del Ticino.<br>1997 \u201cCorpus Gravidum, arte e realt\u00e0\u201d Claudio Guarda, La Regione.<br>1992 \u201cPeintre des l\u2019\u00e9corce des \u00e2ime\u201d, Denyse Bertoni, Voir.<br>1992 \u201cSilenzio, il corpo parla\u201d, Giorgio Mollisi, Ticino Management.<br>1989 \u201cAnatomia del doppio\u201d, Tommaso Trini, Azimut Torino<br>1987 \u201cDaniel Maillet\u201d, Ivo Monighetti, Ca\u2019 dal Portic.<br><br><br>FILMS AND VIDEOS PRODUCED BY MAILLET AND OTHERS DIRECTORS.<br>2020 &#8220;Tra disegno, pittura e scultura&#8221; (6 Minutes) Daniel Maillet: <a href=\"https:\/\/vimeo.com\/484773666\">https:\/\/vimeo.com\/484773666<\/a><br>2019 \u201cTechne\u201d (20 minutes) Daniel Maillet: <a href=\"https:\/\/vimeo.com\/416173794\">https:\/\/vimeo.com\/416173794<\/a><br>2019 \u201cNote Biografiche\u201d (25 minutes) Daniel Maillet: <a href=\"https:\/\/vimeo.com\/409113327\">https:\/\/vimeo.com\/409113327<\/a><br>2018 \u201cGiuditta e Oloferne\u201d, Daniel Capuru\u00e7o:: <a href=\"https:\/\/vimeo.com\/247891988\">https:\/\/vimeo.com\/247891988<\/a><br>2016 \u201cPainter\u201d, \u00c1rp\u00e0d Cser\u00e9p: <a href=\"https:\/\/www.youtube.com\/watch?v=h3jiJ4C5wWI\">https:\/\/www.youtube.com\/watch?v=h3jiJ4C5wWI<\/a><br>2000 \u201cFlucht\u201d Peter Nestler: <a href=\"https:\/\/vimeo.com\/692192239\">https:\/\/vimeo.com\/692192239<\/a> (password: Flucht)<br><br><br>SOME PUBLICATIONS ON THE WORLD WIDE WEB.<br>Teaching art: <a href=\"https:\/\/www.academia.edu\/34004880\/BOTTEGA_DARTE_DANIEL_MAILLET\">https:\/\/www.academia.edu\/34004880\/BOTTEGA_DARTE_DANIEL_MAILLET<\/a><br>Dossier on line: <a href=\"http:\/\/independent.academia.edu\/DanielMaillet\">http:\/\/independent.academia.edu\/DanielMaillet<\/a><br>Texts and pictures: <a href=\"https:\/\/www.germinaliteratura.com.br\/artes_daniel_maillet_capa.htm\">https:\/\/www.germinaliteratura.com.br\/artes_daniel_maillet_capa.htm<\/a><br>3D clay print:<br><a href=\"https:\/\/www.stampa3dstore.com\/stampa-3d-applicata-alla-scultura-lopera-di-daniel-maillet-in-collaborazione-con-wasp\/\">https:\/\/www.stampa3dstore.com\/stampa-3d-applicata-alla-scultura-lopera-di-daniel-maillet-in-collaborazione-con-wasp\/<\/a><br><br><\/p><\/div><\/div>\n","protected":false},"excerpt":{"rendered":"","protected":false},"author":1,"featured_media":0,"parent":0,"menu_order":0,"comment_status":"closed","ping_status":"closed","template":"","meta":{"_uag_custom_page_level_css":"","site-sidebar-layout":"default","site-content-layout":"","ast-site-content-layout":"default","site-content-style":"default","site-sidebar-style":"default","ast-global-header-display":"","ast-banner-title-visibility":"disabled","ast-main-header-display":"","ast-hfb-above-header-display":"","ast-hfb-below-header-display":"","ast-hfb-mobile-header-display":"","site-post-title":"","ast-breadcrumbs-content":"","ast-featured-img":"","footer-sml-layout":"","ast-disable-related-posts":"","theme-transparent-header-meta":"","adv-header-id-meta":"","stick-header-meta":"","header-above-stick-meta":"","header-main-stick-meta":"","header-below-stick-meta":"","astra-migrate-meta-layouts":"set","ast-page-background-enabled":"default","ast-page-background-meta":{"desktop":{"background-color":"var(--ast-global-color-4)","background-image":"","background-repeat":"repeat","background-position":"center center","background-size":"auto","background-attachment":"scroll","background-type":"","background-media":"","overlay-type":"","overlay-color":"","overlay-opacity":"","overlay-gradient":""},"tablet":{"background-color":"","background-image":"","background-repeat":"repeat","background-position":"center center","background-size":"auto","background-attachment":"scroll","background-type":"","background-media":"","overlay-type":"","overlay-color":"","overlay-opacity":"","overlay-gradient":""},"mobile":{"background-color":"","background-image":"","background-repeat":"repeat","background-position":"center center","background-size":"auto","background-attachment":"scroll","background-type":"","background-media":"","overlay-type":"","overlay-color":"","overlay-opacity":"","overlay-gradient":""}},"ast-content-background-meta":{"desktop":{"background-color":"var(--ast-global-color-5)","background-image":"","background-repeat":"repeat","background-position":"center center","background-size":"auto","background-attachment":"scroll","background-type":"","background-media":"","overlay-type":"","overlay-color":"","overlay-opacity":"","overlay-gradient":""},"tablet":{"background-color":"var(--ast-global-color-5)","background-image":"","background-repeat":"repeat","background-position":"center center","background-size":"auto","background-attachment":"scroll","background-type":"","background-media":"","overlay-type":"","overlay-color":"","overlay-opacity":"","overlay-gradient":""},"mobile":{"background-color":"var(--ast-global-color-5)","background-image":"","background-repeat":"repeat","background-position":"center center","background-size":"auto","background-attachment":"scroll","background-type":"","background-media":"","overlay-type":"","overlay-color":"","overlay-opacity":"","overlay-gradient":""}},"footnotes":""},"class_list":["post-414","page","type-page","status-publish","hentry"],"uagb_featured_image_src":{"full":false,"thumbnail":false,"medium":false,"medium_large":false,"large":false,"1536x1536":false,"2048x2048":false},"uagb_author_info":{"display_name":"admin","author_link":"https:\/\/danielmaillet.ch\/index.php\/author\/h6280654\/"},"uagb_comment_info":0,"uagb_excerpt":null,"_links":{"self":[{"href":"https:\/\/danielmaillet.ch\/index.php\/wp-json\/wp\/v2\/pages\/414","targetHints":{"allow":["GET"]}}],"collection":[{"href":"https:\/\/danielmaillet.ch\/index.php\/wp-json\/wp\/v2\/pages"}],"about":[{"href":"https:\/\/danielmaillet.ch\/index.php\/wp-json\/wp\/v2\/types\/page"}],"author":[{"embeddable":true,"href":"https:\/\/danielmaillet.ch\/index.php\/wp-json\/wp\/v2\/users\/1"}],"replies":[{"embeddable":true,"href":"https:\/\/danielmaillet.ch\/index.php\/wp-json\/wp\/v2\/comments?post=414"}],"version-history":[{"count":3,"href":"https:\/\/danielmaillet.ch\/index.php\/wp-json\/wp\/v2\/pages\/414\/revisions"}],"predecessor-version":[{"id":3198,"href":"https:\/\/danielmaillet.ch\/index.php\/wp-json\/wp\/v2\/pages\/414\/revisions\/3198"}],"wp:attachment":[{"href":"https:\/\/danielmaillet.ch\/index.php\/wp-json\/wp\/v2\/media?parent=414"}],"curies":[{"name":"wp","href":"https:\/\/api.w.org\/{rel}","templated":true}]}}