{"id":3133,"date":"2023-09-30T14:34:56","date_gmt":"2023-09-30T12:34:56","guid":{"rendered":"https:\/\/danielmaillet.ch\/?page_id=3133"},"modified":"2023-10-02T10:10:31","modified_gmt":"2023-10-02T08:10:31","slug":"my-father-leo-maillet-modules-exhibition-concept-de","status":"publish","type":"page","link":"https:\/\/danielmaillet.ch\/index.php\/my-father-leo-maillet-modules-exhibition-concept-de\/","title":{"rendered":"My father Leo Maillet Modules exhibition concept DE"},"content":{"rendered":"\n<div class=\"wp-block-uagb-info-box uagb-block-b1803c4d uagb-infobox__content-wrap  uagb-infobox-icon-above-title uagb-infobox-image-valign-top\"><div class=\"uagb-ifb-content\"><div class=\"uagb-ifb-title-wrap\"><h2 class=\"uagb-ifb-title\">Modules exhibition concept<\/h2><\/div><\/div><\/div>\n\n\n\n<div class=\"wp-block-uagb-info-box uagb-block-0ea05167 uagb-infobox__content-wrap  uagb-infobox-icon-above-title uagb-infobox-image-valign-top\"><div class=\"uagb-ifb-content\"><div class=\"uagb-ifb-title-wrap\"><\/div><p class=\"uagb-ifb-desc\">LEO MAILLET 1902 \u2013 1990<br>Entwurf f\u00fcr 5 Ausstellungs-Module, k\u00f6nnnen separat gezeigt werden oder eine einzige Ausstellung werden. Jede Ausstellung muss von historischen und philologischen Arbeiten, durch Texte, Reproduktionen von Dokumenten und Fotografien begleitet werden.<br><br><strong>1 &#8211; AUSSTELLUNG<\/strong><br>LEO MAILLET, 120 GRAFISCHE KUNST DRUCKE<br>In vorbereitung ist ein catalogue raisonn\u00e9 de l&#8217;oeuvre graphique . 60 Jahre Grafik mit \u00fcber 300 Kunst Drucke, numeriert und signiert vom K\u00fcnstler. Grafiken vor dem Krieg bis in den &#8217;80 Jahren, mit Kafka und anderen Illustrationen. Diese Publikation sollte eine Wanderausstellungen begleiten mit ca. 120 Graphiken.<br><br><strong>2 &#8211; AUSSTELLUNG<\/strong><br>LEO MAILLET, &#8220;ENTRE CH IE N ET LOUP&#8221; 1939-1944<br>Kriegs Werke, 25 Graphiken, 60 Zeichnungen, Aquarellen und 8 Oelbilder.<br><br><strong>3 &#8211; AUSSTELLUNG<\/strong><br>LEO MAILLET, &#8220;SCHERZI&#8221; KRITIK DER MODERNE KUNST<br>Polymatersche Werke, 30 Kollagen und ein Werk 1,5 x 6 Meter (4 Panneaux 1,5&#215;1,5)<br><br><strong>4 &#8211; AUSSTELLUNG<\/strong><br>LEO MAILLET, THEATHER INSPIRATIONEN<br>5 Oelbilder und 60 Aquerellen \u00fcber Theater Stuecke und improvisationen beim Theater Dimitri, Tessin Schweiz.<br><br><strong>5 &#8211; AUSSTELLUNG<\/strong><br>LEO MAILLET, EXPRESSIONISTISCHE WERKE<br>20 Oel Bilder, 1 Leinwand 1.5 x 6 meter und 30 Zeichnungen.<br><br>Um die Werke der 5 m\u00f6glichen Ausstellungen zu recherchieren, k\u00f6nnen Sie die sich direckt mit den erben in verbindung setzen: Website besichtigen: <a href=\"http:\/\/www.leo-maillet.de\/\">http:\/\/www.leo-maillet.de\/<\/a><br><br>M.Decker-Janssen, Nachtr\u00e4glis ches. Ein K\u00fcnstler im Exil, Benteli Verlag, Bern 1986:<br>Dieses buch ist erh\u00e4ltilich.<br><br>Kontakt mit den Erben von Leopold Mayer, in arte Leo Maillet:<br><br>Nikolaus Mayer, Schulstrasse 20, D-82166 Gr\u00e4felfing, Deutschland. Telefon 0049 160 9626 70 92<br><br>Daniel Maillet, Via Asti 43, I-14033 Castell&#8217;Alfero, Italia. Telefono 0039 371 335 36 34<\/p><\/div><\/div>\n","protected":false},"excerpt":{"rendered":"","protected":false},"author":1,"featured_media":0,"parent":0,"menu_order":0,"comment_status":"closed","ping_status":"closed","template":"","meta":{"_uag_custom_page_level_css":"","site-sidebar-layout":"default","site-content-layout":"","ast-site-content-layout":"default","site-content-style":"default","site-sidebar-style":"default","ast-global-header-display":"","ast-banner-title-visibility":"disabled","ast-main-header-display":"","ast-hfb-above-header-display":"","ast-hfb-below-header-display":"","ast-hfb-mobile-header-display":"","site-post-title":"","ast-breadcrumbs-content":"","ast-featured-img":"","footer-sml-layout":"","ast-disable-related-posts":"","theme-transparent-header-meta":"","adv-header-id-meta":"","stick-header-meta":"","header-above-stick-meta":"","header-main-stick-meta":"","header-below-stick-meta":"","astra-migrate-meta-layouts":"set","ast-page-background-enabled":"default","ast-page-background-meta":{"desktop":{"background-color":"var(--ast-global-color-4)","background-image":"","background-repeat":"repeat","background-position":"center center","background-size":"auto","background-attachment":"scroll","background-type":"","background-media":"","overlay-type":"","overlay-color":"","overlay-opacity":"","overlay-gradient":""},"tablet":{"background-color":"","background-image":"","background-repeat":"repeat","background-position":"center center","background-size":"auto","background-attachment":"scroll","background-type":"","background-media":"","overlay-type":"","overlay-color":"","overlay-opacity":"","overlay-gradient":""},"mobile":{"background-color":"","background-image":"","background-repeat":"repeat","background-position":"center center","background-size":"auto","background-attachment":"scroll","background-type":"","background-media":"","overlay-type":"","overlay-color":"","overlay-opacity":"","overlay-gradient":""}},"ast-content-background-meta":{"desktop":{"background-color":"var(--ast-global-color-5)","background-image":"","background-repeat":"repeat","background-position":"center center","background-size":"auto","background-attachment":"scroll","background-type":"","background-media":"","overlay-type":"","overlay-color":"","overlay-opacity":"","overlay-gradient":""},"tablet":{"background-color":"var(--ast-global-color-5)","background-image":"","background-repeat":"repeat","background-position":"center center","background-size":"auto","background-attachment":"scroll","background-type":"","background-media":"","overlay-type":"","overlay-color":"","overlay-opacity":"","overlay-gradient":""},"mobile":{"background-color":"var(--ast-global-color-5)","background-image":"","background-repeat":"repeat","background-position":"center center","background-size":"auto","background-attachment":"scroll","background-type":"","background-media":"","overlay-type":"","overlay-color":"","overlay-opacity":"","overlay-gradient":""}},"footnotes":""},"class_list":["post-3133","page","type-page","status-publish","hentry"],"uagb_featured_image_src":{"full":false,"thumbnail":false,"medium":false,"medium_large":false,"large":false,"1536x1536":false,"2048x2048":false},"uagb_author_info":{"display_name":"admin","author_link":"https:\/\/danielmaillet.ch\/index.php\/author\/h6280654\/"},"uagb_comment_info":0,"uagb_excerpt":null,"_links":{"self":[{"href":"https:\/\/danielmaillet.ch\/index.php\/wp-json\/wp\/v2\/pages\/3133","targetHints":{"allow":["GET"]}}],"collection":[{"href":"https:\/\/danielmaillet.ch\/index.php\/wp-json\/wp\/v2\/pages"}],"about":[{"href":"https:\/\/danielmaillet.ch\/index.php\/wp-json\/wp\/v2\/types\/page"}],"author":[{"embeddable":true,"href":"https:\/\/danielmaillet.ch\/index.php\/wp-json\/wp\/v2\/users\/1"}],"replies":[{"embeddable":true,"href":"https:\/\/danielmaillet.ch\/index.php\/wp-json\/wp\/v2\/comments?post=3133"}],"version-history":[{"count":5,"href":"https:\/\/danielmaillet.ch\/index.php\/wp-json\/wp\/v2\/pages\/3133\/revisions"}],"predecessor-version":[{"id":3967,"href":"https:\/\/danielmaillet.ch\/index.php\/wp-json\/wp\/v2\/pages\/3133\/revisions\/3967"}],"wp:attachment":[{"href":"https:\/\/danielmaillet.ch\/index.php\/wp-json\/wp\/v2\/media?parent=3133"}],"curies":[{"name":"wp","href":"https:\/\/api.w.org\/{rel}","templated":true}]}}