{"id":3130,"date":"2023-09-30T14:32:55","date_gmt":"2023-09-30T12:32:55","guid":{"rendered":"https:\/\/danielmaillet.ch\/?page_id=3130"},"modified":"2023-10-02T10:09:55","modified_gmt":"2023-10-02T08:09:55","slug":"my-father-leo-maillet-modules-exhibition-concept-fr","status":"publish","type":"page","link":"https:\/\/danielmaillet.ch\/index.php\/my-father-leo-maillet-modules-exhibition-concept-fr\/","title":{"rendered":"My father Leo Maillet Modules exhibition concept FR"},"content":{"rendered":"\n<div class=\"wp-block-uagb-info-box uagb-block-446c26b7 uagb-infobox__content-wrap  uagb-infobox-icon-above-title uagb-infobox-image-valign-top\"><div class=\"uagb-ifb-content\"><div class=\"uagb-ifb-title-wrap\"><h2 class=\"uagb-ifb-title\">Modules exhibition concept<\/h2><\/div><\/div><\/div>\n\n\n\n<div class=\"wp-block-uagb-info-box uagb-block-0200ef44 uagb-infobox__content-wrap  uagb-infobox-icon-above-title uagb-infobox-image-valign-top\"><div class=\"uagb-ifb-content\"><div class=\"uagb-ifb-title-wrap\"><\/div><p class=\"uagb-ifb-desc\">LEO MAILLET 1902-1990<br>Projet de 5 modules d\u2019exposition pouvant e\u0302tre pre\u0301sente\u0301s se\u0301pare\u0301ment ou faire l\u2019objet d\u2019une seule exposition. Chaque exposition doit e\u0302tre accompagne\u0301e de travaux\/d\u2019un appareil historiques et philologiques\/linguistique, de textes, de reproductions de documents et de photographies.<br><br><strong>Premie\u0300re exposition<\/strong><br>LEO MAILLET, 120 GRAVURES<br>Un catalogue raisonne\u0301 de l\u2019\u0153uvre graphique est en pre\u0301paration. 60 ans d\u2019art graphique comportant plus de 300 gravures nume\u0301rote\u0301es et signe\u0301es par l\u2019artiste. Dessins datant d\u2019avant-guerre jusque dans les anne\u0301es 1980, dont des gravures de Kafka et autres illustrations. Cette publication est destine\u0301e a\u0300 accompagner une exposition itine\u0301rante d\u2019environ 120 \u0153uvres.<br><br><strong>Deuxie\u0300me exposition<\/strong><br>LEO MAILLET, ENTRE CHIEN ET LOUP 1939-1944<br>\u0152uvres de guerre, 25 lithographies, 60 dessins, aquarelles et 8 huiles sur toile.<br><br><strong>Troisie\u0300me exposition<\/strong><br>LEO MAILLET, \u00ab SCHERZI \u00bb, CRITIQUE DE L\u2019ART MODERNE<br>\u0152uvres \u00abpolymater\u00bb, 30 collages et une \u0153uvre de 1,5&#215;1,6 me\u0300tres (4 panneaux 1,5 x 1,5 )<br><br><strong>Quatrieme exposition<\/strong><br>LEO MAILLET, INSPIRATIONS THEATRALES :<br>5 huiles sur toile et 60 aquarelles sur des pie\u0300ces et improvisations sce\u0301niques au the\u0301a\u0302tre Dimitri, dans le Tessin suisse<br><br><strong>Cinquieme exposition<\/strong><br>LEO MAILLET, \u0152UVRES EXPRESSIONNISTES<br>20 huiles sur toile, 1 toile de 1,5 x 1,6 me\u0300tres et 30 dessins<br><br>Pour retrouver les \u0153uvres des 5 expositions possibles, cliquez sur le lien :\u00a0<a href=\"http:\/\/www.leo-maillet.de\/\">http:\/\/www.leo-maillet.de\/<\/a>\u00a0ou reportez-vous aux publications suivantes :<br><br>M.Decker-Janssen, Nachtra\u0308glis ches. Ein Ku\u0308nstler im Exil, Benteli Verlag, Bern 1986: <br>Ce livre est disponible.<br><a href=\"http:\/\/www.eurobuch.com\/buch\/isbn\/9783925131448.html\n\"><br><\/a>Contact avec les h\u00e9ritiers de Leopold Mayer, in arte Leo Maillet :<br><br>Nikolaus Mayer, Schulstrasse 20, D-82166 Gr\u00e4felfing, Allemagne. T\u00e9l\u00e9phone 0049 160 9626 70 92<br><br>Daniel Maillet, Via Asti 43, I-14033 Castell&#8217;Alfero, Italia. Telefono 0039 371 335 36 34<br><br><\/p><\/div><\/div>\n","protected":false},"excerpt":{"rendered":"","protected":false},"author":1,"featured_media":0,"parent":0,"menu_order":0,"comment_status":"closed","ping_status":"closed","template":"","meta":{"_uag_custom_page_level_css":"","site-sidebar-layout":"default","site-content-layout":"","ast-site-content-layout":"default","site-content-style":"default","site-sidebar-style":"default","ast-global-header-display":"","ast-banner-title-visibility":"disabled","ast-main-header-display":"","ast-hfb-above-header-display":"","ast-hfb-below-header-display":"","ast-hfb-mobile-header-display":"","site-post-title":"","ast-breadcrumbs-content":"","ast-featured-img":"","footer-sml-layout":"","ast-disable-related-posts":"","theme-transparent-header-meta":"","adv-header-id-meta":"","stick-header-meta":"","header-above-stick-meta":"","header-main-stick-meta":"","header-below-stick-meta":"","astra-migrate-meta-layouts":"set","ast-page-background-enabled":"default","ast-page-background-meta":{"desktop":{"background-color":"var(--ast-global-color-4)","background-image":"","background-repeat":"repeat","background-position":"center center","background-size":"auto","background-attachment":"scroll","background-type":"","background-media":"","overlay-type":"","overlay-color":"","overlay-opacity":"","overlay-gradient":""},"tablet":{"background-color":"","background-image":"","background-repeat":"repeat","background-position":"center center","background-size":"auto","background-attachment":"scroll","background-type":"","background-media":"","overlay-type":"","overlay-color":"","overlay-opacity":"","overlay-gradient":""},"mobile":{"background-color":"","background-image":"","background-repeat":"repeat","background-position":"center center","background-size":"auto","background-attachment":"scroll","background-type":"","background-media":"","overlay-type":"","overlay-color":"","overlay-opacity":"","overlay-gradient":""}},"ast-content-background-meta":{"desktop":{"background-color":"var(--ast-global-color-5)","background-image":"","background-repeat":"repeat","background-position":"center center","background-size":"auto","background-attachment":"scroll","background-type":"","background-media":"","overlay-type":"","overlay-color":"","overlay-opacity":"","overlay-gradient":""},"tablet":{"background-color":"var(--ast-global-color-5)","background-image":"","background-repeat":"repeat","background-position":"center center","background-size":"auto","background-attachment":"scroll","background-type":"","background-media":"","overlay-type":"","overlay-color":"","overlay-opacity":"","overlay-gradient":""},"mobile":{"background-color":"var(--ast-global-color-5)","background-image":"","background-repeat":"repeat","background-position":"center center","background-size":"auto","background-attachment":"scroll","background-type":"","background-media":"","overlay-type":"","overlay-color":"","overlay-opacity":"","overlay-gradient":""}},"footnotes":""},"class_list":["post-3130","page","type-page","status-publish","hentry"],"uagb_featured_image_src":{"full":false,"thumbnail":false,"medium":false,"medium_large":false,"large":false,"1536x1536":false,"2048x2048":false},"uagb_author_info":{"display_name":"admin","author_link":"https:\/\/danielmaillet.ch\/index.php\/author\/h6280654\/"},"uagb_comment_info":0,"uagb_excerpt":null,"_links":{"self":[{"href":"https:\/\/danielmaillet.ch\/index.php\/wp-json\/wp\/v2\/pages\/3130","targetHints":{"allow":["GET"]}}],"collection":[{"href":"https:\/\/danielmaillet.ch\/index.php\/wp-json\/wp\/v2\/pages"}],"about":[{"href":"https:\/\/danielmaillet.ch\/index.php\/wp-json\/wp\/v2\/types\/page"}],"author":[{"embeddable":true,"href":"https:\/\/danielmaillet.ch\/index.php\/wp-json\/wp\/v2\/users\/1"}],"replies":[{"embeddable":true,"href":"https:\/\/danielmaillet.ch\/index.php\/wp-json\/wp\/v2\/comments?post=3130"}],"version-history":[{"count":7,"href":"https:\/\/danielmaillet.ch\/index.php\/wp-json\/wp\/v2\/pages\/3130\/revisions"}],"predecessor-version":[{"id":3966,"href":"https:\/\/danielmaillet.ch\/index.php\/wp-json\/wp\/v2\/pages\/3130\/revisions\/3966"}],"wp:attachment":[{"href":"https:\/\/danielmaillet.ch\/index.php\/wp-json\/wp\/v2\/media?parent=3130"}],"curies":[{"name":"wp","href":"https:\/\/api.w.org\/{rel}","templated":true}]}}