{"id":2149,"date":"2023-09-04T11:58:53","date_gmt":"2023-09-04T09:58:53","guid":{"rendered":"https:\/\/danielmaillet.ch\/?page_id=2149"},"modified":"2023-09-30T15:10:26","modified_gmt":"2023-09-30T13:10:26","slug":"my-father-leo-maillet-biography-biografia-br","status":"publish","type":"page","link":"https:\/\/danielmaillet.ch\/index.php\/my-father-leo-maillet-biography-biografia-br\/","title":{"rendered":"My father Leo Maillet Biography Biografia (BR)"},"content":{"rendered":"\n<div class=\"wp-block-uagb-info-box uagb-block-8e308374 uagb-infobox__content-wrap  uagb-infobox-icon-above-title uagb-infobox-image-valign-top\"><div class=\"uagb-ifb-content\"><div class=\"uagb-ifb-title-wrap\"><h2 class=\"uagb-ifb-title\">Biografia (BR)<\/h2><\/div><\/div><\/div>\n\n\n\n<div class=\"wp-block-uagb-info-box uagb-block-bbf7279b uagb-infobox__content-wrap  uagb-infobox-icon-above-title uagb-infobox-image-valign-top\"><div class=\"uagb-ifb-content\"><div class=\"uagb-ifb-image-content\"><img decoding=\"async\" src=\"https:\/\/danielmaillet.ch\/wp-content\/uploads\/2023\/09\/B309908-leo-45-257x300.jpg\" alt=\"\" width=\"\" height=\"0\" loading=\"lazy\"\/><\/div><div class=\"uagb-ifb-title-wrap\"><\/div><\/div><\/div>\n\n\n\n<div class=\"wp-block-uagb-info-box uagb-block-9c35674a uagb-infobox__content-wrap  uagb-infobox-icon-above-title uagb-infobox-image-valign-top\"><div class=\"uagb-ifb-content\"><div class=\"uagb-ifb-title-wrap\"><\/div><p class=\"uagb-ifb-desc\">Leo Maillet<br><br>Leo Maillet, nascido Leopold Mayer, em Frankfurt am Main em 1902. Estudou na Universidade St\u00e4delschule de Belas Artes. Em 1929, por motivos de sa\u00fade, frequentou o Canton Ticino no Sottoceneri.&nbsp;No ano seguinte, tornou-se aluno do mestre expressionista Max Beckmann. Durante o governo de Hitler, Leopold \u00e9 declarado &#8220;artista degenerado&#8221; pelo regime Nacional Socialista. Em 1936 expatriou-se e fugiu para Paris, de onde saiu em 1939 devido \u00e0 invas\u00e3o alem\u00e3.<br>Centenas de suas obras, pinturas, gravuras e matrizes de cobre foram apreendidas e&nbsp;hoje s\u00e3o consideradas desaparecidas ou destru\u00eddas. Ca\u00e7ado pelos nazistas, Leo efetuou diversas fugas ousadas e dram\u00e1ticas, se refugiou na Su\u00ed\u00e7a em 1944.&nbsp;<br>Ap\u00f3s o fim da guerra Leopold Mayer, se tornou Leo Maillet, processou a Fran\u00e7a e a Alemanha, venceu os processos judiciais e recebeu repara\u00e7\u00f5es pelos danos de guerra que a Alemanha e Fran\u00e7a lhe causaram. Em 1960 instalou-se em Verscio &#8211; Su\u00ed\u00e7a, onde se dedicou exclusivamente \u00e0 sua produ\u00e7\u00e3o art\u00edstica. Leo faleceu, em 1990 em Bellinzona, ap\u00f3s uma vasta carreira art\u00edstica, deixando verdadeiras obras primas&nbsp;que refletem sua intensa hist\u00f3ria.<br>&nbsp;<br>Maillet fez parte da gera\u00e7\u00e3o perdida, ficando marcado&nbsp;por ter seu trabalho brutalmente interrompido no momento do auge da sua carreira na Alemanha e pela perda de grande parte de sua produ\u00e7\u00e3o, ainda assim \u00e9 um dos maiores gravuristas do s\u00e9culo XX. Suas obras se originaram durante os movimentos da nova objetividade e do expressionismo alem\u00e3o. Depois da guerra, as obras de Leo come\u00e7am a apresentar uma po\u00e9tica surrealista e l\u00fadica. Desenvolveu obras com multimateriais e readymades, tamb\u00e9m produziu xilogravuras dedicadas a textos de F. Kafka e aquarelas inspiradas nos shows do Teatro Dimitri, que antecederam as tend\u00eancias do &#8220;Neue Wilde&#8221; e da \u201cTransvanguarda\u201d. Al\u00e9m dessas e outras grandes s\u00e9ries de gravuras, produziu obras importantes e simb\u00f3licas extra\u00eddas de desenhos realizados durante os anos da guerra.&nbsp;<br>Leo desenvolveu uma linguagem pr\u00f3pria no seu trabalho, gra\u00e7as \u00e0 sua habilidade e aos aspectos t\u00e9cnicos gr\u00e1ficos que foram&nbsp;importantes na forma\u00e7\u00e3o de sua carreira art\u00edstica.<br>Leo Maillet, que sempre se manteve \u00e0 margem dos cons\u00f3rcios art\u00edsticos e mercantis, \u00e9 um pintor pouco conhecido, embora seja um dos artistas mais not\u00e1veis do seu tempo no campo figurativo. DM \u2013 MMXXII<\/p><\/div><\/div>\n","protected":false},"excerpt":{"rendered":"","protected":false},"author":1,"featured_media":0,"parent":0,"menu_order":0,"comment_status":"closed","ping_status":"closed","template":"","meta":{"_uag_custom_page_level_css":"","site-sidebar-layout":"default","site-content-layout":"","ast-site-content-layout":"default","site-content-style":"default","site-sidebar-style":"default","ast-global-header-display":"","ast-banner-title-visibility":"disabled","ast-main-header-display":"","ast-hfb-above-header-display":"","ast-hfb-below-header-display":"","ast-hfb-mobile-header-display":"","site-post-title":"","ast-breadcrumbs-content":"","ast-featured-img":"","footer-sml-layout":"","ast-disable-related-posts":"","theme-transparent-header-meta":"","adv-header-id-meta":"","stick-header-meta":"","header-above-stick-meta":"","header-main-stick-meta":"","header-below-stick-meta":"","astra-migrate-meta-layouts":"set","ast-page-background-enabled":"default","ast-page-background-meta":{"desktop":{"background-color":"var(--ast-global-color-4)","background-image":"","background-repeat":"repeat","background-position":"center center","background-size":"auto","background-attachment":"scroll","background-type":"","background-media":"","overlay-type":"","overlay-color":"","overlay-opacity":"","overlay-gradient":""},"tablet":{"background-color":"","background-image":"","background-repeat":"repeat","background-position":"center center","background-size":"auto","background-attachment":"scroll","background-type":"","background-media":"","overlay-type":"","overlay-color":"","overlay-opacity":"","overlay-gradient":""},"mobile":{"background-color":"","background-image":"","background-repeat":"repeat","background-position":"center center","background-size":"auto","background-attachment":"scroll","background-type":"","background-media":"","overlay-type":"","overlay-color":"","overlay-opacity":"","overlay-gradient":""}},"ast-content-background-meta":{"desktop":{"background-color":"var(--ast-global-color-5)","background-image":"","background-repeat":"repeat","background-position":"center center","background-size":"auto","background-attachment":"scroll","background-type":"","background-media":"","overlay-type":"","overlay-color":"","overlay-opacity":"","overlay-gradient":""},"tablet":{"background-color":"var(--ast-global-color-5)","background-image":"","background-repeat":"repeat","background-position":"center center","background-size":"auto","background-attachment":"scroll","background-type":"","background-media":"","overlay-type":"","overlay-color":"","overlay-opacity":"","overlay-gradient":""},"mobile":{"background-color":"var(--ast-global-color-5)","background-image":"","background-repeat":"repeat","background-position":"center center","background-size":"auto","background-attachment":"scroll","background-type":"","background-media":"","overlay-type":"","overlay-color":"","overlay-opacity":"","overlay-gradient":""}},"footnotes":""},"class_list":["post-2149","page","type-page","status-publish","hentry"],"uagb_featured_image_src":{"full":false,"thumbnail":false,"medium":false,"medium_large":false,"large":false,"1536x1536":false,"2048x2048":false},"uagb_author_info":{"display_name":"admin","author_link":"https:\/\/danielmaillet.ch\/index.php\/author\/h6280654\/"},"uagb_comment_info":0,"uagb_excerpt":null,"_links":{"self":[{"href":"https:\/\/danielmaillet.ch\/index.php\/wp-json\/wp\/v2\/pages\/2149","targetHints":{"allow":["GET"]}}],"collection":[{"href":"https:\/\/danielmaillet.ch\/index.php\/wp-json\/wp\/v2\/pages"}],"about":[{"href":"https:\/\/danielmaillet.ch\/index.php\/wp-json\/wp\/v2\/types\/page"}],"author":[{"embeddable":true,"href":"https:\/\/danielmaillet.ch\/index.php\/wp-json\/wp\/v2\/users\/1"}],"replies":[{"embeddable":true,"href":"https:\/\/danielmaillet.ch\/index.php\/wp-json\/wp\/v2\/comments?post=2149"}],"version-history":[{"count":4,"href":"https:\/\/danielmaillet.ch\/index.php\/wp-json\/wp\/v2\/pages\/2149\/revisions"}],"predecessor-version":[{"id":3224,"href":"https:\/\/danielmaillet.ch\/index.php\/wp-json\/wp\/v2\/pages\/2149\/revisions\/3224"}],"wp:attachment":[{"href":"https:\/\/danielmaillet.ch\/index.php\/wp-json\/wp\/v2\/media?parent=2149"}],"curies":[{"name":"wp","href":"https:\/\/api.w.org\/{rel}","templated":true}]}}