{"id":2147,"date":"2023-09-04T11:57:58","date_gmt":"2023-09-04T09:57:58","guid":{"rendered":"https:\/\/danielmaillet.ch\/?page_id=2147"},"modified":"2023-09-30T15:10:07","modified_gmt":"2023-09-30T13:10:07","slug":"my-father-leo-maillet-biography-biographie-de","status":"publish","type":"page","link":"https:\/\/danielmaillet.ch\/index.php\/my-father-leo-maillet-biography-biographie-de\/","title":{"rendered":"My father Leo Maillet Biography Biographie (DE)"},"content":{"rendered":"\n<div class=\"wp-block-uagb-info-box uagb-block-0d411d02 uagb-infobox__content-wrap  uagb-infobox-icon-above-title uagb-infobox-image-valign-top\"><div class=\"uagb-ifb-content\"><div class=\"uagb-ifb-title-wrap\"><h2 class=\"uagb-ifb-title\">Biographie (DE)<\/h2><\/div><\/div><\/div>\n\n\n\n<div class=\"wp-block-uagb-info-box uagb-block-9e36bc4c uagb-infobox__content-wrap  uagb-infobox-icon-above-title uagb-infobox-image-valign-top\"><div class=\"uagb-ifb-content\"><div class=\"uagb-ifb-image-content\"><img decoding=\"async\" src=\"https:\/\/danielmaillet.ch\/wp-content\/uploads\/2023\/09\/B309908-leo-45-257x300.jpg\" alt=\"\" width=\"\" height=\"0\" loading=\"lazy\"\/><\/div><div class=\"uagb-ifb-title-wrap\"><\/div><\/div><\/div>\n\n\n\n<div class=\"wp-block-uagb-info-box uagb-block-711768be uagb-infobox__content-wrap  uagb-infobox-icon-above-title uagb-infobox-image-valign-top\"><div class=\"uagb-ifb-content\"><div class=\"uagb-ifb-title-wrap\"><\/div><p class=\"uagb-ifb-desc\">Leo Maillet<br><br>Leo Maillet wurde 1902 als Leopold Mayer in eine angesehene j\u00fcdische Familie in Frankfurt am Main geboren. Er studierte an der Hochschule f\u00fcr Bildende K\u00fcnste, St\u00e4delshule, bei Prof. F. K. Dellavilla zun\u00e4chst 5 Jahre lang alle grafischen Techniken.<br>Im Jahr 1930 tritt er in die Meisterklasse von Max Beckmann ein. Bereits 1933 wurde er vom nationalsozialistischen Regime zum &#8220;entarteten K\u00fcnstler&#8221; erkl\u00e4rt. Im Jahr 1936 emigrierte er nach Paris, das er 1939 aufgrund der deutschen Invasion verlie\u00df. Hunderte seiner Werke, Gem\u00e4lde, kupferplatten und Drucke wurden beschlagnahmt und gelten heute als verschollen. Er wurde verfolgt und nach einer Reihe dramatischer Fluchtversuche konnte er 1944, durch die Hilfe einer Organisation, die Schweiz erreichen und sich retten. Er hat Wiedergutmachungsprozesse gegen Frankreich und Deutschland gef\u00fchrt und sie f\u00fcr sich entschieden. 1960 lie\u00df er sich in Verscio in der Region Sopra Ceneri nieder, eine Gegend die er schon 1929 aus gesundheitlichen Gr\u00fcnden besucht hatte.<br>In Verscio widmete er sich ausschlie\u00dflich seinem K\u00fcnstlerischen Schaffen. Er starb 1990 in Bellinzona.<br>&nbsp;<br>Maillet ist einer der bedeutendsten Graveure des 20. Jahrhunderts. Sein Schaffen am Beginn einer viel Versprechender Karriere, auch mit Internationale Anerkennung, wurde unterbrochen. Er geh\u00f6rt zur sogenannten verlorenen Generation.<br>&nbsp;Seine Werke entstanden in der Zeit der Neuen Sachlichkeit und des deutschen Expressionismus. In der Nachkriegszeit erweitert er sein Schaffen, es kommen surrealistische Einfl\u00fcsse und spielerische Poesie hinzu. Es entstehen Assemblagen und Collagen. Er illustriert mit Holzschnitten Texte von F. Kafka. Au\u00dferdem entstehen Aquarelle, die von den Auff\u00fchrungen des Teatro Dimitri inspiriert sind. Zus\u00e4tzlich zu einer gro\u00dfen Serie von Radierungen zu unterschiedlichen Themen entstehen zudem eindr\u00fcckliche und symbolische Ausarbeitungen von Kriegserlebnissen. Er entwickelte seine eigene, originelle Sprache, in der er eindrucksvoll und sehr gekonnt die technischen Aspekte der Grafik einsetzte.<br>Maillet, der immer au\u00dferhalb der k\u00fcnstlerischen und merkantilen Kreise blieb, ist ein wenig bekannter Maler, obwohl er ein sehr bemerkenswerter K\u00fcnstler seiner Zeit im figurativen Bereich ist.<br>DM &#8211; MMXXII<\/p><\/div><\/div>\n","protected":false},"excerpt":{"rendered":"","protected":false},"author":1,"featured_media":0,"parent":0,"menu_order":0,"comment_status":"closed","ping_status":"closed","template":"","meta":{"_uag_custom_page_level_css":"","site-sidebar-layout":"default","site-content-layout":"","ast-site-content-layout":"default","site-content-style":"default","site-sidebar-style":"default","ast-global-header-display":"","ast-banner-title-visibility":"disabled","ast-main-header-display":"","ast-hfb-above-header-display":"","ast-hfb-below-header-display":"","ast-hfb-mobile-header-display":"","site-post-title":"","ast-breadcrumbs-content":"","ast-featured-img":"","footer-sml-layout":"","ast-disable-related-posts":"","theme-transparent-header-meta":"","adv-header-id-meta":"","stick-header-meta":"","header-above-stick-meta":"","header-main-stick-meta":"","header-below-stick-meta":"","astra-migrate-meta-layouts":"set","ast-page-background-enabled":"default","ast-page-background-meta":{"desktop":{"background-color":"var(--ast-global-color-4)","background-image":"","background-repeat":"repeat","background-position":"center center","background-size":"auto","background-attachment":"scroll","background-type":"","background-media":"","overlay-type":"","overlay-color":"","overlay-opacity":"","overlay-gradient":""},"tablet":{"background-color":"","background-image":"","background-repeat":"repeat","background-position":"center center","background-size":"auto","background-attachment":"scroll","background-type":"","background-media":"","overlay-type":"","overlay-color":"","overlay-opacity":"","overlay-gradient":""},"mobile":{"background-color":"","background-image":"","background-repeat":"repeat","background-position":"center center","background-size":"auto","background-attachment":"scroll","background-type":"","background-media":"","overlay-type":"","overlay-color":"","overlay-opacity":"","overlay-gradient":""}},"ast-content-background-meta":{"desktop":{"background-color":"var(--ast-global-color-5)","background-image":"","background-repeat":"repeat","background-position":"center center","background-size":"auto","background-attachment":"scroll","background-type":"","background-media":"","overlay-type":"","overlay-color":"","overlay-opacity":"","overlay-gradient":""},"tablet":{"background-color":"var(--ast-global-color-5)","background-image":"","background-repeat":"repeat","background-position":"center center","background-size":"auto","background-attachment":"scroll","background-type":"","background-media":"","overlay-type":"","overlay-color":"","overlay-opacity":"","overlay-gradient":""},"mobile":{"background-color":"var(--ast-global-color-5)","background-image":"","background-repeat":"repeat","background-position":"center center","background-size":"auto","background-attachment":"scroll","background-type":"","background-media":"","overlay-type":"","overlay-color":"","overlay-opacity":"","overlay-gradient":""}},"footnotes":""},"class_list":["post-2147","page","type-page","status-publish","hentry"],"uagb_featured_image_src":{"full":false,"thumbnail":false,"medium":false,"medium_large":false,"large":false,"1536x1536":false,"2048x2048":false},"uagb_author_info":{"display_name":"admin","author_link":"https:\/\/danielmaillet.ch\/index.php\/author\/h6280654\/"},"uagb_comment_info":0,"uagb_excerpt":null,"_links":{"self":[{"href":"https:\/\/danielmaillet.ch\/index.php\/wp-json\/wp\/v2\/pages\/2147","targetHints":{"allow":["GET"]}}],"collection":[{"href":"https:\/\/danielmaillet.ch\/index.php\/wp-json\/wp\/v2\/pages"}],"about":[{"href":"https:\/\/danielmaillet.ch\/index.php\/wp-json\/wp\/v2\/types\/page"}],"author":[{"embeddable":true,"href":"https:\/\/danielmaillet.ch\/index.php\/wp-json\/wp\/v2\/users\/1"}],"replies":[{"embeddable":true,"href":"https:\/\/danielmaillet.ch\/index.php\/wp-json\/wp\/v2\/comments?post=2147"}],"version-history":[{"count":4,"href":"https:\/\/danielmaillet.ch\/index.php\/wp-json\/wp\/v2\/pages\/2147\/revisions"}],"predecessor-version":[{"id":3223,"href":"https:\/\/danielmaillet.ch\/index.php\/wp-json\/wp\/v2\/pages\/2147\/revisions\/3223"}],"wp:attachment":[{"href":"https:\/\/danielmaillet.ch\/index.php\/wp-json\/wp\/v2\/media?parent=2147"}],"curies":[{"name":"wp","href":"https:\/\/api.w.org\/{rel}","templated":true}]}}