{"id":2144,"date":"2023-09-04T11:57:04","date_gmt":"2023-09-04T09:57:04","guid":{"rendered":"https:\/\/danielmaillet.ch\/?page_id=2144"},"modified":"2023-09-30T15:09:49","modified_gmt":"2023-09-30T13:09:49","slug":"my-father-leo-maillet-biography-biografia-it","status":"publish","type":"page","link":"https:\/\/danielmaillet.ch\/index.php\/my-father-leo-maillet-biography-biografia-it\/","title":{"rendered":"My father Leo Maillet Biography Biografia (IT)"},"content":{"rendered":"\n<div class=\"wp-block-uagb-info-box uagb-block-40342620 uagb-infobox__content-wrap  uagb-infobox-icon-above-title uagb-infobox-image-valign-top\"><div class=\"uagb-ifb-content\"><div class=\"uagb-ifb-title-wrap\"><h2 class=\"uagb-ifb-title\">Biografia (IT)<\/h2><\/div><\/div><\/div>\n\n\n\n<div class=\"wp-block-uagb-info-box uagb-block-9357e8b0 uagb-infobox__content-wrap  uagb-infobox-icon-above-title uagb-infobox-image-valign-top\"><div class=\"uagb-ifb-content\"><div class=\"uagb-ifb-image-content\"><img decoding=\"async\" src=\"https:\/\/danielmaillet.ch\/wp-content\/uploads\/2023\/09\/B309908-leo-45-257x300.jpg\" alt=\"\" width=\"\" height=\"0\" loading=\"lazy\"\/><\/div><div class=\"uagb-ifb-title-wrap\"><\/div><\/div><\/div>\n\n\n\n<div class=\"wp-block-uagb-info-box uagb-block-bc4806c8 uagb-infobox__content-wrap  uagb-infobox-icon-above-title uagb-infobox-image-valign-top\"><div class=\"uagb-ifb-content\"><div class=\"uagb-ifb-title-wrap\"><\/div><p class=\"uagb-ifb-desc\">Leo Maillet<br><br>Leo Maillet, nasce Leopold Mayer, a Francoforte sul Meno nel 1902.&nbsp;Studia all\u2019universit\u00e0 St\u00e4delschule di belle arti. Per ragioni di salute frequenta nel 1929 il Canton Ticino nel Sottoceneri. Nel 1930 diventa studente master di Max Beckmann. Leopold viene dichiarato dal regime Nazional Socialista \u201cartista degenerato\u201d. Nel 1936 espatria e va a Parigi, che abbandona nel 1939 causa l\u2019invasione tedesca. Centinaia di sue opere, pitture, incisioni e le matrici in rame vengono sequestrate, ritenute oggi disperse. Viene braccato, dopo rocambolesche drammatiche fughe, nel 1944 si salva in Svizzera.<br>Processa la Francia e la Germania e vince i processi. Nel 1960 si stabilisce a Verscio, nel Sopraceneri, dove si dedica unicamente alla sua produzione artistica. Muore nel 1990 a Bellinzona.<br>&nbsp;<br>Maillet \u00e8 uno dei pi\u00f9 importanti incisori nel XX secolo, malgrado la sua produzione fu stroncata nel momento pi\u00f9 brillante della sua carriera, fa parte della generazione perduta. Le sue opere nascono durante i movimenti della Nuova Oggettivit\u00e0 e dell\u2019Espressionismo tedesco. Nel dopo guerra si aggiunge una poetica surrealista e giocosa, polimaterici, xilografie dedicate a testi di F. Kafka e acquerelli ispirati agli spettacoli del Teatro Dimitri, che precedono le tendenze dei \u201cNeue Wilde\u201d e della Trasavanguardia. Oltre ad una folta serie di incisioni, produce importanti e simboliche opere tratte dai disegni della guerra. Svilupp\u00f2 un suo linguaggio originale, importanza avevano gli aspetti tecnici della grafica. Maillet, rimasto sempre al di fuori delle consorterie artistiche e mercantili, \u00e8 un pittore poco conosciuto, bench\u00e9 si tratti di un artista fra i pi\u00f9 notevoli del suo tempo nel campo figurativo.&nbsp;<em>DM \u2013 MMXXII<\/em><\/p><\/div><\/div>\n","protected":false},"excerpt":{"rendered":"","protected":false},"author":1,"featured_media":0,"parent":0,"menu_order":0,"comment_status":"closed","ping_status":"closed","template":"","meta":{"_uag_custom_page_level_css":"","site-sidebar-layout":"default","site-content-layout":"","ast-site-content-layout":"default","site-content-style":"default","site-sidebar-style":"default","ast-global-header-display":"","ast-banner-title-visibility":"disabled","ast-main-header-display":"","ast-hfb-above-header-display":"","ast-hfb-below-header-display":"","ast-hfb-mobile-header-display":"","site-post-title":"","ast-breadcrumbs-content":"","ast-featured-img":"","footer-sml-layout":"","ast-disable-related-posts":"","theme-transparent-header-meta":"","adv-header-id-meta":"","stick-header-meta":"","header-above-stick-meta":"","header-main-stick-meta":"","header-below-stick-meta":"","astra-migrate-meta-layouts":"set","ast-page-background-enabled":"default","ast-page-background-meta":{"desktop":{"background-color":"var(--ast-global-color-4)","background-image":"","background-repeat":"repeat","background-position":"center center","background-size":"auto","background-attachment":"scroll","background-type":"","background-media":"","overlay-type":"","overlay-color":"","overlay-opacity":"","overlay-gradient":""},"tablet":{"background-color":"","background-image":"","background-repeat":"repeat","background-position":"center center","background-size":"auto","background-attachment":"scroll","background-type":"","background-media":"","overlay-type":"","overlay-color":"","overlay-opacity":"","overlay-gradient":""},"mobile":{"background-color":"","background-image":"","background-repeat":"repeat","background-position":"center center","background-size":"auto","background-attachment":"scroll","background-type":"","background-media":"","overlay-type":"","overlay-color":"","overlay-opacity":"","overlay-gradient":""}},"ast-content-background-meta":{"desktop":{"background-color":"var(--ast-global-color-5)","background-image":"","background-repeat":"repeat","background-position":"center center","background-size":"auto","background-attachment":"scroll","background-type":"","background-media":"","overlay-type":"","overlay-color":"","overlay-opacity":"","overlay-gradient":""},"tablet":{"background-color":"var(--ast-global-color-5)","background-image":"","background-repeat":"repeat","background-position":"center center","background-size":"auto","background-attachment":"scroll","background-type":"","background-media":"","overlay-type":"","overlay-color":"","overlay-opacity":"","overlay-gradient":""},"mobile":{"background-color":"var(--ast-global-color-5)","background-image":"","background-repeat":"repeat","background-position":"center center","background-size":"auto","background-attachment":"scroll","background-type":"","background-media":"","overlay-type":"","overlay-color":"","overlay-opacity":"","overlay-gradient":""}},"footnotes":""},"class_list":["post-2144","page","type-page","status-publish","hentry"],"uagb_featured_image_src":{"full":false,"thumbnail":false,"medium":false,"medium_large":false,"large":false,"1536x1536":false,"2048x2048":false},"uagb_author_info":{"display_name":"admin","author_link":"https:\/\/danielmaillet.ch\/index.php\/author\/h6280654\/"},"uagb_comment_info":0,"uagb_excerpt":null,"_links":{"self":[{"href":"https:\/\/danielmaillet.ch\/index.php\/wp-json\/wp\/v2\/pages\/2144","targetHints":{"allow":["GET"]}}],"collection":[{"href":"https:\/\/danielmaillet.ch\/index.php\/wp-json\/wp\/v2\/pages"}],"about":[{"href":"https:\/\/danielmaillet.ch\/index.php\/wp-json\/wp\/v2\/types\/page"}],"author":[{"embeddable":true,"href":"https:\/\/danielmaillet.ch\/index.php\/wp-json\/wp\/v2\/users\/1"}],"replies":[{"embeddable":true,"href":"https:\/\/danielmaillet.ch\/index.php\/wp-json\/wp\/v2\/comments?post=2144"}],"version-history":[{"count":4,"href":"https:\/\/danielmaillet.ch\/index.php\/wp-json\/wp\/v2\/pages\/2144\/revisions"}],"predecessor-version":[{"id":3222,"href":"https:\/\/danielmaillet.ch\/index.php\/wp-json\/wp\/v2\/pages\/2144\/revisions\/3222"}],"wp:attachment":[{"href":"https:\/\/danielmaillet.ch\/index.php\/wp-json\/wp\/v2\/media?parent=2144"}],"curies":[{"name":"wp","href":"https:\/\/api.w.org\/{rel}","templated":true}]}}