{"id":1987,"date":"2023-09-04T10:05:49","date_gmt":"2023-09-04T08:05:49","guid":{"rendered":"https:\/\/danielmaillet.ch\/?page_id=1987"},"modified":"2023-09-30T14:37:26","modified_gmt":"2023-09-30T12:37:26","slug":"biografia-br","status":"publish","type":"page","link":"https:\/\/danielmaillet.ch\/index.php\/biografia-br\/","title":{"rendered":"Biografia (BR)"},"content":{"rendered":"\n<div class=\"wp-block-uagb-info-box uagb-block-579999fd uagb-infobox__content-wrap  uagb-infobox-icon-above-title uagb-infobox-image-valign-top\"><div class=\"uagb-ifb-content\"><div class=\"uagb-ifb-title-wrap\"><h2 class=\"uagb-ifb-title\">Biografia (BR)<\/h2><\/div><\/div><\/div>\n\n\n\n<section class=\"wp-block-uagb-container uagb-block-a9dff0d6 alignfull uagb-is-root-container\"><div class=\"uagb-container-inner-blocks-wrap\">\n<div class=\"wp-block-uagb-info-box uagb-block-bbea640f uagb-infobox__content-wrap  uagb-infobox-icon-above-title uagb-infobox-image-valign-top\"><div class=\"uagb-ifb-content\"><div class=\"uagb-ifb-image-content\"><img decoding=\"async\" src=\"https:\/\/danielmaillet.ch\/wp-content\/uploads\/2023\/09\/Daniel-Maillet-1959-150x150.jpg\" alt=\"\" width=\"\" height=\"0\" loading=\"lazy\"\/><\/div><div class=\"uagb-ifb-title-wrap\"><\/div><p class=\"uagb-ifb-desc\"><br>Daniel Maillet nasceu em Zurique em 1956 e estudou comunica\u00e7\u00e3o visual na CSIA em Lugano, continuando sua forma\u00e7\u00e3o como gravurista com seu pai Leo Maillet, um importante pintor expressionista alem\u00e3o. Em 1983 frequenta os estudos de pintura na Accademia di Brera em Mil\u00e3o. O seu trabalho \u00e9 focado no desenho de figuras em tamanho natural, atrav\u00e9s do estudo de modelos vivos. Os seus retratos s\u00e3o caracterizados por um realismo expressionista contempor\u00e2neo, sem por\u00e9m desconhecer a antiga tradi\u00e7\u00e3o figurativa da cultura mediterr\u00e2nea e mitteleuropea. Tardiamente come\u00e7a com a modelagem de esculturas em argila, estuda a sua composi\u00e7\u00e3o e um m\u00e9todo que lhe permita criar esculturas de argila em um bloco \u00fanico.<br>Em 2002 se transfere ao Brasil, cria grupos escultorios em terracota e sua pintura adquire cores. Entra em contato com os ceramistas japoneses que vivem nos tr\u00f3picos brasileiros, constr\u00f3i um atelier e um novo conceito para forno de alta temperatura. A escultura figurativa em gr\u00e9s de grande formato representa para Daniel um importante avan\u00e7o expressivo e t\u00e9cnico, gra\u00e7as a sinteriza\u00e7\u00e3o da argila e \u00e0s possibilidades po\u00e9ticas que a arte do fogo permitem, \u00e9 uma linguagem que n\u00e3o se aprendem nos Institutos e Academias de arte e usada raramente pela escultura contempor\u00e2nea.<br>Faz uma experi\u00eancia in\u00e9dita, o 3D clay print com a impressora WASP, de 3 metros, para edi\u00e7\u00e3o de arte de esculturas em gr\u00e9s e deseja criar uma start-up para desenvolver um projeto de base para esta inovadora tecnologia.<br>Daniel recentemente se transferiu no Monferrato Astigiano, de onde mant\u00e9m contato com a Su\u00ed\u00e7a e o Brasil para divulgar a arte da escultura em gr\u00e9s.<br>Os seus retratos s\u00e3o essencias e diretos, domina o ser como foco principal da sua po\u00e9tica, ao seu modo, segue as pegadas do pai na pesquisa e na profiss\u00e3o da arte figurativa, longe do mainstream.<br><em>DM \u2013 MMXXIII<\/em><\/p><\/div><\/div>\n\n\n\n<div class=\"wp-block-uagb-image aligncenter uagb-block-56683fd3 wp-block-uagb-image--layout-default wp-block-uagb-image--effect-static wp-block-uagb-image--align-center\"><figure class=\"wp-block-uagb-image__figure\"><img decoding=\"async\" srcset=\"https:\/\/danielmaillet.ch\/wp-content\/uploads\/2023\/09\/Daniel-Maillet-2009.jpg \" sizes=\"auto, (max-width: 480px) 150px\" src=\"https:\/\/danielmaillet.ch\/wp-content\/uploads\/2023\/09\/Daniel-Maillet-2009.jpg\" alt=\"\" class=\"uag-image-1993\" width=\"900\" height=\"675\" title=\"\" loading=\"lazy\"\/><\/figure><\/div>\n<\/div><\/section>\n","protected":false},"excerpt":{"rendered":"","protected":false},"author":1,"featured_media":0,"parent":0,"menu_order":0,"comment_status":"closed","ping_status":"closed","template":"","meta":{"_uag_custom_page_level_css":"","site-sidebar-layout":"default","site-content-layout":"","ast-site-content-layout":"default","site-content-style":"default","site-sidebar-style":"default","ast-global-header-display":"","ast-banner-title-visibility":"disabled","ast-main-header-display":"","ast-hfb-above-header-display":"","ast-hfb-below-header-display":"","ast-hfb-mobile-header-display":"","site-post-title":"","ast-breadcrumbs-content":"","ast-featured-img":"","footer-sml-layout":"","ast-disable-related-posts":"","theme-transparent-header-meta":"","adv-header-id-meta":"","stick-header-meta":"","header-above-stick-meta":"","header-main-stick-meta":"","header-below-stick-meta":"","astra-migrate-meta-layouts":"set","ast-page-background-enabled":"default","ast-page-background-meta":{"desktop":{"background-color":"var(--ast-global-color-4)","background-image":"","background-repeat":"repeat","background-position":"center center","background-size":"auto","background-attachment":"scroll","background-type":"","background-media":"","overlay-type":"","overlay-color":"","overlay-opacity":"","overlay-gradient":""},"tablet":{"background-color":"","background-image":"","background-repeat":"repeat","background-position":"center center","background-size":"auto","background-attachment":"scroll","background-type":"","background-media":"","overlay-type":"","overlay-color":"","overlay-opacity":"","overlay-gradient":""},"mobile":{"background-color":"","background-image":"","background-repeat":"repeat","background-position":"center center","background-size":"auto","background-attachment":"scroll","background-type":"","background-media":"","overlay-type":"","overlay-color":"","overlay-opacity":"","overlay-gradient":""}},"ast-content-background-meta":{"desktop":{"background-color":"var(--ast-global-color-5)","background-image":"","background-repeat":"repeat","background-position":"center center","background-size":"auto","background-attachment":"scroll","background-type":"","background-media":"","overlay-type":"","overlay-color":"","overlay-opacity":"","overlay-gradient":""},"tablet":{"background-color":"var(--ast-global-color-5)","background-image":"","background-repeat":"repeat","background-position":"center center","background-size":"auto","background-attachment":"scroll","background-type":"","background-media":"","overlay-type":"","overlay-color":"","overlay-opacity":"","overlay-gradient":""},"mobile":{"background-color":"var(--ast-global-color-5)","background-image":"","background-repeat":"repeat","background-position":"center center","background-size":"auto","background-attachment":"scroll","background-type":"","background-media":"","overlay-type":"","overlay-color":"","overlay-opacity":"","overlay-gradient":""}},"footnotes":""},"class_list":["post-1987","page","type-page","status-publish","hentry"],"uagb_featured_image_src":{"full":false,"thumbnail":false,"medium":false,"medium_large":false,"large":false,"1536x1536":false,"2048x2048":false},"uagb_author_info":{"display_name":"admin","author_link":"https:\/\/danielmaillet.ch\/index.php\/author\/h6280654\/"},"uagb_comment_info":0,"uagb_excerpt":null,"_links":{"self":[{"href":"https:\/\/danielmaillet.ch\/index.php\/wp-json\/wp\/v2\/pages\/1987","targetHints":{"allow":["GET"]}}],"collection":[{"href":"https:\/\/danielmaillet.ch\/index.php\/wp-json\/wp\/v2\/pages"}],"about":[{"href":"https:\/\/danielmaillet.ch\/index.php\/wp-json\/wp\/v2\/types\/page"}],"author":[{"embeddable":true,"href":"https:\/\/danielmaillet.ch\/index.php\/wp-json\/wp\/v2\/users\/1"}],"replies":[{"embeddable":true,"href":"https:\/\/danielmaillet.ch\/index.php\/wp-json\/wp\/v2\/comments?post=1987"}],"version-history":[{"count":5,"href":"https:\/\/danielmaillet.ch\/index.php\/wp-json\/wp\/v2\/pages\/1987\/revisions"}],"predecessor-version":[{"id":3139,"href":"https:\/\/danielmaillet.ch\/index.php\/wp-json\/wp\/v2\/pages\/1987\/revisions\/3139"}],"wp:attachment":[{"href":"https:\/\/danielmaillet.ch\/index.php\/wp-json\/wp\/v2\/media?parent=1987"}],"curies":[{"name":"wp","href":"https:\/\/api.w.org\/{rel}","templated":true}]}}