{"id":1985,"date":"2023-09-04T10:05:08","date_gmt":"2023-09-04T08:05:08","guid":{"rendered":"https:\/\/danielmaillet.ch\/?page_id=1985"},"modified":"2023-09-30T14:37:07","modified_gmt":"2023-09-30T12:37:07","slug":"biographie-de","status":"publish","type":"page","link":"https:\/\/danielmaillet.ch\/index.php\/biographie-de\/","title":{"rendered":"Biographie (DE)"},"content":{"rendered":"\n<div class=\"wp-block-uagb-info-box uagb-block-f4c831e7 uagb-infobox__content-wrap  uagb-infobox-icon-above-title uagb-infobox-image-valign-top\"><div class=\"uagb-ifb-content\"><div class=\"uagb-ifb-title-wrap\"><h2 class=\"uagb-ifb-title\">Biographie (DE)<\/h2><\/div><\/div><\/div>\n\n\n\n<section class=\"wp-block-uagb-container uagb-block-df0e44aa alignfull uagb-is-root-container\"><div class=\"uagb-container-inner-blocks-wrap\">\n<div class=\"wp-block-uagb-info-box uagb-block-1ec9be4c uagb-infobox__content-wrap  uagb-infobox-icon-above-title uagb-infobox-image-valign-top\"><div class=\"uagb-ifb-content\"><div class=\"uagb-ifb-image-content\"><img decoding=\"async\" src=\"https:\/\/danielmaillet.ch\/wp-content\/uploads\/2023\/09\/Daniel-Maillet-1959-150x150.jpg\" alt=\"\" width=\"\" height=\"0\" loading=\"lazy\"\/><\/div><div class=\"uagb-ifb-title-wrap\"><\/div><p class=\"uagb-ifb-desc\"><br>Daniel Maillet wurde 1956 in Z\u00fcrich geboren. Er studierte visuelle Kommunikation am CSIA in Lugano und setzte seine Ausbildung als Graveur bei seinem Vater Leo Maillet fort, einem bekannten deutschen expressionistischen Maler. Im Jahr 1983 studierte er Malerei an der Akademie Brera in Mailand. Seine Arbeit konzentriert sich auf das Zeichnen von Figuren in Lebensgr\u00f6\u00dfe durch das Studium von Modellen durch Beobachtung. Seine Portr\u00e4ts sind von einem zeitgen\u00f6ssischen expressionistischen Realismus gepr\u00e4gt, ohne jedoch die alte figurative Tradition der mediterranen und mitteleurop\u00e4ischen Kultur zu vernachl\u00e4ssigen. In seinem sp\u00e4ten Leben begann er mit dem Modellieren von Tonskulpturen, studierte deren korrekte Komposition und eine Methode, die es ihm erm\u00f6glicht, Tonfiguren aus einem einzigen Block zu formen.<br>Im Jahr 2002 zog er nach Brasilien, schuf skulpturale Gruppen aus Terrakotta und seine Malerei nahm Farbe an. Er kam in Kontakt mit japanischen Keramikern, die in den brasilianischen Tropen leben, baute ein Atelier und ein neues Konzept f\u00fcr Hochtemperatur\u00f6fen. Die figurative Bildhauerei in Gro\u00dfsteinzeug stellt f\u00fcr Daniel dank der Sinterung der Tone und der poetischen M\u00f6glichkeiten der Feuerkunst einen wichtigen technischen und expressiven Wendepunkt dar, eine Sprache, die sich in den Kunstinstituten und Akademien nicht erschlie\u00dft und in der zeitgen\u00f6ssischen Bildhauerei selten verwendet wird.<br>Er macht eine neue Erfahrung, den 3D-Tondruck mit dem 3-Meter-WASP-Drucker f\u00fcr Kunsteditionen von Steingut-gesinterte Statuen, er m\u00f6chte ein Start-up gr\u00fcnden, um ein Basisprojekt f\u00fcr diese innovative Technologie zu entwickeln. Daniel zog vor\u00fcbergehend nach Monferrato Astigiano und pflegt direkte Kontakte zur Schweiz. Er m\u00f6chte die Sprache der Bildhauerei in gesintertem Ton f\u00f6rdern, ein Fach, das in Kunstinstituten und Akademien nicht existiert. Seine Portr\u00e4ts sind essentiell und direkt, wobei das Sein im Mittelpunkt seiner Poetik steht: Auf seine Weise tritt er in die Fu\u00dfstapfen seines Vaters, was die Forschung und das Handwerk in der figurativen Kunst angeht, fernab des Mainstreams.&nbsp; <em>DM &#8211; MMXXIII<\/em><\/p><\/div><\/div>\n\n\n\n<div class=\"wp-block-uagb-info-box uagb-block-90826100 uagb-infobox__content-wrap  uagb-infobox-icon-above-title uagb-infobox-image-valign-top\"><div class=\"uagb-ifb-content\"><div class=\"uagb-ifb-image-content\"><img decoding=\"async\" src=\"https:\/\/danielmaillet.ch\/wp-content\/uploads\/2023\/09\/Daniel-Maillet-2009.jpg\" alt=\"\" width=\"\" height=\"0\" loading=\"lazy\"\/><\/div><div class=\"uagb-ifb-title-wrap\"><\/div><\/div><\/div>\n<\/div><\/section>\n","protected":false},"excerpt":{"rendered":"","protected":false},"author":1,"featured_media":0,"parent":0,"menu_order":0,"comment_status":"closed","ping_status":"closed","template":"","meta":{"_uag_custom_page_level_css":"","site-sidebar-layout":"default","site-content-layout":"","ast-site-content-layout":"default","site-content-style":"default","site-sidebar-style":"default","ast-global-header-display":"","ast-banner-title-visibility":"disabled","ast-main-header-display":"","ast-hfb-above-header-display":"","ast-hfb-below-header-display":"","ast-hfb-mobile-header-display":"","site-post-title":"","ast-breadcrumbs-content":"","ast-featured-img":"","footer-sml-layout":"","ast-disable-related-posts":"","theme-transparent-header-meta":"","adv-header-id-meta":"","stick-header-meta":"","header-above-stick-meta":"","header-main-stick-meta":"","header-below-stick-meta":"","astra-migrate-meta-layouts":"set","ast-page-background-enabled":"default","ast-page-background-meta":{"desktop":{"background-color":"var(--ast-global-color-4)","background-image":"","background-repeat":"repeat","background-position":"center center","background-size":"auto","background-attachment":"scroll","background-type":"","background-media":"","overlay-type":"","overlay-color":"","overlay-opacity":"","overlay-gradient":""},"tablet":{"background-color":"","background-image":"","background-repeat":"repeat","background-position":"center center","background-size":"auto","background-attachment":"scroll","background-type":"","background-media":"","overlay-type":"","overlay-color":"","overlay-opacity":"","overlay-gradient":""},"mobile":{"background-color":"","background-image":"","background-repeat":"repeat","background-position":"center center","background-size":"auto","background-attachment":"scroll","background-type":"","background-media":"","overlay-type":"","overlay-color":"","overlay-opacity":"","overlay-gradient":""}},"ast-content-background-meta":{"desktop":{"background-color":"var(--ast-global-color-5)","background-image":"","background-repeat":"repeat","background-position":"center center","background-size":"auto","background-attachment":"scroll","background-type":"","background-media":"","overlay-type":"","overlay-color":"","overlay-opacity":"","overlay-gradient":""},"tablet":{"background-color":"var(--ast-global-color-5)","background-image":"","background-repeat":"repeat","background-position":"center center","background-size":"auto","background-attachment":"scroll","background-type":"","background-media":"","overlay-type":"","overlay-color":"","overlay-opacity":"","overlay-gradient":""},"mobile":{"background-color":"var(--ast-global-color-5)","background-image":"","background-repeat":"repeat","background-position":"center center","background-size":"auto","background-attachment":"scroll","background-type":"","background-media":"","overlay-type":"","overlay-color":"","overlay-opacity":"","overlay-gradient":""}},"footnotes":""},"class_list":["post-1985","page","type-page","status-publish","hentry"],"uagb_featured_image_src":{"full":false,"thumbnail":false,"medium":false,"medium_large":false,"large":false,"1536x1536":false,"2048x2048":false},"uagb_author_info":{"display_name":"admin","author_link":"https:\/\/danielmaillet.ch\/index.php\/author\/h6280654\/"},"uagb_comment_info":0,"uagb_excerpt":null,"_links":{"self":[{"href":"https:\/\/danielmaillet.ch\/index.php\/wp-json\/wp\/v2\/pages\/1985","targetHints":{"allow":["GET"]}}],"collection":[{"href":"https:\/\/danielmaillet.ch\/index.php\/wp-json\/wp\/v2\/pages"}],"about":[{"href":"https:\/\/danielmaillet.ch\/index.php\/wp-json\/wp\/v2\/types\/page"}],"author":[{"embeddable":true,"href":"https:\/\/danielmaillet.ch\/index.php\/wp-json\/wp\/v2\/users\/1"}],"replies":[{"embeddable":true,"href":"https:\/\/danielmaillet.ch\/index.php\/wp-json\/wp\/v2\/comments?post=1985"}],"version-history":[{"count":4,"href":"https:\/\/danielmaillet.ch\/index.php\/wp-json\/wp\/v2\/pages\/1985\/revisions"}],"predecessor-version":[{"id":3138,"href":"https:\/\/danielmaillet.ch\/index.php\/wp-json\/wp\/v2\/pages\/1985\/revisions\/3138"}],"wp:attachment":[{"href":"https:\/\/danielmaillet.ch\/index.php\/wp-json\/wp\/v2\/media?parent=1985"}],"curies":[{"name":"wp","href":"https:\/\/api.w.org\/{rel}","templated":true}]}}